{"id":48,"date":"2016-06-11T19:26:22","date_gmt":"2016-06-11T17:26:22","guid":{"rendered":"http:\/\/kirurgiskthudcenter.se\/?page_id=48"},"modified":"2026-01-12T16:16:55","modified_gmt":"2026-01-12T15:16:55","slug":"homepage","status":"publish","type":"page","link":"https:\/\/kirurgiskthudcenter.se\/","title":{"rendered":"\u00d6versikt"},"content":{"rendered":"<h2 style=\"text-align: left;\"><strong>Din hudl\u00e4kare i V\u00e4ster\u00e5s.<br \/>\n<\/strong><\/h2>\n<h2 style=\"text-align: left;\"><strong>Hos oss kan du bli patient p\u00e5 f\u00f6ljande s\u00e4tt:<br \/>\n<strong>1. via den offentliga sjukv\u00e5rden<br \/>\n2. som privatbetalande patient<br \/>\n3.via ditt f\u00f6rs\u00e4kringsbolag\u00a0<\/strong> <\/strong><\/h2>\n<p>\t\t\t\t<img decoding=\"async\" src=\"http:\/\/kirurgiskthudcenter.se\/wp-content\/uploads\/2020\/03\/IMG_7703.jpg\" alt=\"IMG_7703\" itemprop=\"image\"  \/><\/p>\n<p style=\"text-align: center;\"><strong>OBS! IDAG \u00c4R V\u00c5R TELEFONTID AVST\u00c4NGD<\/strong><\/p>\n<p>P\u00e5 grund av sjukdom hos personal har mottagningen sin telefonv\u00e4xel avst\u00e4ngd idag. \u00d6nskar du om eller avboka en tid g\u00e5r det bra att spela in ett meddelande. <\/p>\n<p>\u00c4r du patient hos oss och \u00f6nskar kontakt med oss g\u00e5r det \u00e4ven bra att skicka ett meddelande via 1177. \u00c4r du inte patient hos oss f\u00e5r vi be dig \u00e5terkomma en dag n\u00e4r v\u00e5r telefonv\u00e4xel \u00e5ter \u00e4r i g\u00e5ng eller att du fyller i en egen v\u00e5rdbeg\u00e4ran via 1177.<\/p>\n<p style=\"text-align: center;\">\/ Kirurgiskt Hudcenter<\/p>\n<p>\t<a href=\"https:\/\/www.1177.se\/Vastmanland\/hitta-vard\/kontaktkort\/Kirurgiskt-Hudcenter\/\" target=\"_blank\" role=\"button\" rel=\"noopener\"><br \/>\n\t\t\t\t\t\tFyll i egenv\u00e5rdbeg\u00e4ran via 1177.se<br \/>\n\t\t\t\t\t<\/a><br \/>\n\t\t\t\t<img decoding=\"async\" src=\"http:\/\/kirurgiskthudcenter.se\/wp-content\/uploads\/2019\/12\/symbol-orange.png\" alt=\"symbol orange\" itemprop=\"image\"  \/><\/p>\n<p style=\"text-align: center;\"><strong>OBS! VI HAR ST\u00c4NGT F\u00d6R JUL OCH NY\u00c5RSLEDIGHET<\/strong><\/p>\n<p>Mottagningen har st\u00e4ngt f\u00f6r julledighet fr\u00e5n den 19e december. Vi \u00f6ppnar igen den 7 januari 2026. Vid br\u00e5dskande \u00e4renden, v\u00e4nligen kontakta din v\u00e5rdcentral.<\/p>\n<p style=\"text-align: center;\"> Vi \u00f6nskar alla en fantastisk God Jul och Gott Nytt \u00c5r! <br \/>\n\/ Kirurgiskt Hudcenter<\/p>\n<p>\t<a href=\"https:\/\/www.1177.se\/Vastmanland\/hitta-vard\/kontaktkort\/Kirurgiskt-Hudcenter\/\" target=\"_blank\" role=\"button\" rel=\"noopener\"><br \/>\n\t\t\t\t\t\tFyll i egenv\u00e5rdbeg\u00e4ran via 1177.se<br \/>\n\t\t\t\t\t<\/a><br \/>\n\t\t\t\t<img decoding=\"async\" src=\"http:\/\/kirurgiskthudcenter.se\/wp-content\/uploads\/2019\/12\/symbol-orange.png\" alt=\"symbol orange\" itemprop=\"image\"  \/><\/p>\n<span class=\"\" style=\"display:block;clear:both;height: 0px;padding-top: 20px;border-top-width:0px;border-bottom-width:0px;\"><\/span>\n<h2 style=\"text-align: left;\"><strong>Din hudl\u00e4kare i V\u00e4ster\u00e5s<br \/>\n<\/strong><\/h2>\n<h2 style=\"text-align: left;\"><strong>Hos oss kan du bli patient p\u00e5 f\u00f6ljande s\u00e4tt:<br \/>\n1. via den offentliga sjukv\u00e5rden<br \/>\n2. som privatbetalande patient<br \/>\n3.via ditt f\u00f6rs\u00e4kringsbolag\u00a0<\/strong><\/h2>\n<span class=\"\" style=\"display:block;clear:both;height: 0px;padding-top: 20px;border-top-width:0px;border-bottom-width:0px;\"><\/span>\n<h2 style=\"text-align: center;\"><strong>1. Bes\u00f6k oss via den offentliga sjukv\u00e5rden<\/strong><\/h2>\n<p>Vi p\u00e5 Kirurgiskt Hudcenter erbjuder hudsjukv\u00e5rd i Region V\u00e4stmanland. Vi behandlar alla typer av hudsjukdomar men vi har ett s\u00e4rskilt intresse f\u00f6r prickar och misst\u00e4nkt hudcancer. Vi har stor erfarenhet av att behandla hudtum\u00f6rer. Hos oss betalar du vanlig patientavgift p\u00e5 400kr och du kan anv\u00e4nda ditt frikort. Patientlagen ger patienter fr\u00e5n hela landet r\u00e4tt att s\u00f6ka v\u00e5rd hos oss.\u00a0<\/p>\n<h2 style=\"text-align: center;\"><strong>F\u00f6r patienter:<\/strong><\/h2>\n<p>\t\t\tKontakta oss via n\u00e4tet<\/p>\n<p><a href=\"https:\/\/www.1177.se\/Vastmanland\/hitta-vard\/kontaktkort\/Kirurgiskt-Hudcenter\/\">V\u00e4nligen logga in p\u00e5 1177 V\u00e5rdguiden och v\u00e4lj v\u00e5r mottagning.<\/a><\/p>\n<p>\t\t\tTelefonnummer:<\/p>\n<p>V\u00e4nligen kontakta oss p\u00e5 021 &#8211; 80 10 40<br \/>V\u00e5ra telefontider \u00e4r 7.30-8.30 tisdag, onsdag och torsdag.<\/p>\n<p>\t\t\tJag bor i en annan region<\/p>\n<p>Du \u00e4r ocks\u00e5 v\u00e4lkommen till oss. Vi beh\u00f6ver en remiss som skickas fr\u00e5n din husl\u00e4kare alternativt att du fyller i en egen v\u00e5rdbeg\u00e4ran via <a href=\"https:\/\/www.1177.se\/Vastmanland\/hitta-vard\/kontaktkort\/Kirurgiskt-Hudcenter\/\">1177.se<\/a><\/p>\n<p>\t\t\tHur bokar jag ett bes\u00f6k?<\/p>\n<h3>Vi beh\u00f6ver en remiss. Din husl\u00e4kare kan skicka en alternativt s\u00e5 kan du fylla i en &#8220;egen remiss&#8221; via <a href=\"https:\/\/www.1177.se\/Vastmanland\/hitta-vard\/kontaktkort\/Kirurgiskt-Hudcenter\/\">1177.se <\/a><\/h3>\n<h3>Vill du kontakta oss kan du logga in p\u00e5<a href=\"https:\/\/www.1177.se\/Vastmanland\/hitta-vard\/kontaktkort\/Kirurgiskt-Hudcenter\/\"> 1177.se<\/a> .<\/h3>\n<h3>Vi hanterar inga personuppgifter via mail.<\/h3>\n<p>\t\t\tVar finns ni? <\/p>\n<p>Vi finns p\u00e5 Vasagatan 20A i V\u00e4ster\u00e5s. Vi finns i h\u00f6rnan mot Smedjegatan.\u00a0<\/p>\n<h2 style=\"text-align: center;\"><strong>F\u00f6r patienter:<\/strong><\/h2>\n<p>\t\t\tKontakta oss via n\u00e4tet<\/p>\n<p><a href=\"https:\/\/www.1177.se\/Vastmanland\/hitta-vard\/kontaktkort\/Kirurgiskt-Hudcenter\/\">V\u00e4nligen logga in p\u00e5 1177 V\u00e5rdguiden och v\u00e4lj v\u00e5r mottagning.<\/a><\/p>\n<p>\t\t\tTelefonnummer:<\/p>\n<p>V\u00e4nligen kontakta oss p\u00e5 021 &#8211; 80 10 40<br \/>V\u00e5ra telefontider \u00e4r 7.30-8.30 tisdag, onsdag och torsdag.<\/p>\n<p>\t\t\tJag bor i en annan region<\/p>\n<p>Du \u00e4r ocks\u00e5 v\u00e4lkommen till oss. Vi beh\u00f6ver en remiss som skickas fr\u00e5n din husl\u00e4kare alternativt att\u00a0 du fyller i en egen v\u00e5rdbeg\u00e4ran via <a href=\"https:\/\/www.1177.se\/Vastmanland\/hitta-vard\/kontaktkort\/Kirurgiskt-Hudcenter\/\">1177.se<\/a><\/p>\n<p>\t\t\tHur bokar jag ett bes\u00f6k?<\/p>\n<h3>Vi beh\u00f6ver en remiss. Din husl\u00e4kare kan skicka en\u00a0 alternativt s\u00e5 kan du fylla i en &#8220;egen remiss&#8221; via <a href=\"https:\/\/www.1177.se\/Vastmanland\/hitta-vard\/kontaktkort\/Kirurgiskt-Hudcenter\/\">1177.se <\/a><\/h3>\n<h3>Vill du kontakta oss kan du logga in p\u00e5<a href=\"https:\/\/www.1177.se\/Vastmanland\/hitta-vard\/kontaktkort\/Kirurgiskt-Hudcenter\/\"> 1177.se<\/a> .<\/h3>\n<h3>Vi hanterar inga personuppgifter via mail.\u00a0<\/h3>\n<p>\t\t\tVar finns ni? <\/p>\n<p>Vi finns p\u00e5 Vasagatan 20A i V\u00e4ster\u00e5s. Vi finns i h\u00f6rnan mot Smedjegatan.\u00a0<\/p>\n<h2 style=\"text-align: center;\"><strong>F\u00f6r v\u00e5rdgivare:<\/strong><\/h2>\n<p>\t\t\tRemiss skickas till:<\/p>\n<p>Mottagningen har avtal med Region V\u00e4stmanland avseende specialiserad hudsjukv\u00e5rd s\u00e5 alla patienter betalar vanlig patientavgift. Vi tar \u00e4ven emot remisser fr\u00e5n v\u00e5rdgivare i andra regioner.<\/p>\n<p>Inom Regionen skickas remisser i Cosmic.\u00a0\u00a0<\/p>\n<p>\u00d6vriga v\u00e5rdgivare kan skicka remiss till:\u00a0<\/p>\n<p>Kirurgiskt Hudcenter<br \/>Vasagatan 20A,<br \/>722 15 V\u00e4ster\u00e5s<\/p>\n<p>\u00a0<\/p>\n<p>\t\t\tKontakt:<\/p>\n<p>Du kan n\u00e5 oss via Cosmics internmeddelandefunktion. V\u00e4lj Kirurgiskt Hudcenters gruppbrevl\u00e5da.\u00a0<\/p>\n<p>\t\t\t\t<img decoding=\"async\" src=\"http:\/\/kirurgiskthudcenter.se\/wp-content\/uploads\/2020\/03\/IMG_7703-1024x768.jpg\" alt=\"IMG_7703\" itemprop=\"image\"  \/><\/p>\n<p><strong>PATIENTER I HELA SVERIGE HAR R\u00c4TT ATT S\u00d6KA V\u00c5RD HOS OSS<\/strong><\/p>\n<p>Patientlagen ger Dig r\u00e4tt att s\u00f6ka v\u00e5rd var du vill i landet oavsett vilket region du tillh\u00f6r.<\/p>\n<p>\t<a href=\"https:\/\/www.1177.se\/Vastmanland\/hitta-vard\/kontaktkort\/Kirurgiskt-Hudcenter\/\" target=\"_blank\" role=\"button\" rel=\"noopener\"><br \/>\n\t\t\t\t\t\tFyll i en egen v\u00e5rdbeg\u00e4ran via 1177.se<br \/>\n\t\t\t\t\t<\/a><\/p>\n<p style=\"text-align: center;\">[ Information kring privat finansierad v\u00e5rd hittar du l\u00e4ngre ner p\u00e5 sidan.] <\/p>\n<span class=\"\" style=\"display:block;clear:both;height: 0px;padding-top: 20px;border-top-width:0px;border-bottom-width:0px;\"><\/span>\n<p>\t\t\t\t<img decoding=\"async\" src=\"http:\/\/kirurgiskthudcenter.se\/wp-content\/uploads\/2019\/12\/symbol-orange.png\" alt=\"symbol orange\" itemprop=\"image\"  \/><\/p>\n<h2 style=\"text-align: center;\"><strong>2. S\u00f6k v\u00e5rd som privatbetalande patient\u00a0<\/strong><\/h2>\n<h2 style=\"text-align: center;\">\nSe vad vi \u00e5tg\u00e4rdar<\/h2>\n<p>\t\t\tTa bort hudflikar, mj\u00e4llv\u00e5rtor och f\u00f6delsem\u00e4rken<\/p>\n<p>Hudflikar, mj\u00e4llv\u00e5rtor och utst\u00e5ende hudf\u00f6r\u00e4ndringar som st\u00f6r och d\u00e4r \u00e5tg\u00e4rd inte bekostas av regionen \u00e5tg\u00e4rdas av v\u00e5r <strong>kirurg<\/strong>.<\/p>\n<p>Konsultationsbes\u00f6ket kostar 1500 kr och ing\u00e5r i totalpriset ifall bes\u00f6ket bokas till v\u00e5r kirurg. I samband med ditt bes\u00f6k f\u00e5r du ett kostnadsf\u00f6rslag f\u00f6r \u00e5tg\u00e4rd av just din hudf\u00f6r\u00e4ndring. L\u00e4s nedan kring v\u00e5ra villkor och priser.\u00a0<\/p>\n<p>\t\t\tTa bort kn\u00f6lar<\/p>\n<p>Vill du har hj\u00e4lp med borttagning av aterom (talgcystor) och lipom (fettkn\u00f6lar) som inte \u00e5tg\u00e4rdas via regionen? Boka tid till v\u00e5r <strong>kirurg<\/strong>.<\/p>\n<p>Konsultationsbes\u00f6ket kostar 1500 kr och ing\u00e5r i totalpriset ifall bes\u00f6ket bokas till v\u00e5r kirurg. I samband med ditt bes\u00f6k f\u00e5r du ett kostnadsf\u00f6rslag f\u00f6r \u00e5tg\u00e4rd av just din hudf\u00f6r\u00e4ndring. L\u00e4s nedan kring v\u00e5ra villkor och priser.<\/p>\n<p>\t\t\t\u00c5tg\u00e4rda hemorrojder<\/p>\n<p>\u00c4r det l\u00e5ng v\u00e4ntetid att f\u00e5 hj\u00e4lp med dina hemorrojder via regionen och du \u00f6nskar bekosta ingreppet sj\u00e4lv? Boka tid till v\u00e5r <strong>kirurg<\/strong>.<\/p>\n<p>Vi behandlar hemorrojder som kan behandlas genom gummiringsligatur. Konsultationsbes\u00f6ket kostar 1500 kr och ing\u00e5r i totalpriset ifall bes\u00f6ket bokas till v\u00e5r kirurg. I samband med ditt bes\u00f6k f\u00e5r du ett kostnadsf\u00f6rslag f\u00f6r \u00e5tg\u00e4rd av just dina besv\u00e4r. L\u00e4s nedan kring v\u00e5ra villkor och priser.\u00a0<\/p>\n<p>\t\t\tG\u00e5 igenom dina leverfl\u00e4ckar<\/p>\n<p>Boka tid till <strong>hudl\u00e4kare<\/strong> om du vill g\u00e5 igenom dina leverfl\u00e4ckar. Bokar du enligt l\u00e4nken nedan kommer du som privatbetalande patient och bed\u00f6mningen kostar 1700 kr.\u00a0<\/p>\n<p>Bed\u00f6mningen hos hudl\u00e4karen ing\u00e5r<strong><em> inte<\/em> <\/strong>i totalpriset vid eventuell \u00e5tg\u00e4rd. Eventuella \u00e5tg\u00e4rder och analyser m\u00e5ste du bekosta sj\u00e4lv. L\u00e4s nedan kring v\u00e5ra villkor och priser.\u00a0<\/p>\n<h2 style=\"text-align: center;\">\n<strong>Som privatbetalande patient bekostar du sj\u00e4lv konsultationsbes\u00f6k,<br \/>\n\u00e5tg\u00e4rdsbes\u00f6k och kostnad f\u00f6r alla analyser\/prover.<\/strong><\/h2>\n<p>\t<a href=\"http:\/\/kirurgiskthudcenter.se\/wp-content\/uploads\/2023\/04\/Prislista.pdf\" target=\"_blank\" role=\"button\" rel=\"noopener\"><br \/>\n\t\t\t\t\t\tPrislista<br \/>\n\t\t\t\t\t<\/a><br \/>\n\t\t\tHj\u00e4lp att tyda prislista <\/p>\n<p>Vid konsultationsbes\u00f6ket kommer du erh\u00e5lla en exakt prisuppgift vad ingreppet i ditt fall kommer att kosta. Konsultbes\u00f6ket kostar fr\u00e5n 1500 kr och ing\u00e5r i totalkostnaden om bes\u00f6ket bokas till v\u00e5r kirurg.<\/p>\n<p>&#8211;<strong><em>Hudf\u00f6r\u00e4ndring som kan skrapas bort<\/em> <\/strong>kostar fr\u00e5n 3500 till 4000 kr. Vi kan ta upp till 3 f\u00f6r\u00e4ndringar d\u00e4r till\u00e4ggskostnaden \u00e4r 900 kr f\u00f6r varje hudf\u00f6r\u00e4ndring.<\/p>\n<p>-Hudf\u00f6r\u00e4ndringar<strong> p\u00e5<\/strong> huden <em><strong>som m\u00e5ste sk\u00e4ras bort<\/strong><\/em> och huden sys ihop kostar mellan 5000 och 5500kr.<\/p>\n<p>&#8211;<em><strong>\u00c5tg\u00e4rd av en kn\u00f6l<\/strong>\u00a0<\/em>under huden kostar 7400kr.<\/p>\n<p><em>Observera att i undantagsfall kan hudprover beh\u00f6va en ut\u00f6kad analys som medf\u00f6r en extra kostnad p\u00e5 upp till 1500 kr per prov.<\/em><br \/><em>Vid konsultationsbes\u00f6ket kommer du f\u00e5 information om risk f\u00f6r extra kostnad f\u00f6religger. <\/em><\/p>\n<p>\t\t\tS\u00e5 h\u00e4r g\u00e5r det till<\/p>\n<p>F\u00f6rsta bes\u00f6ket \u00e4r ett konsultationsbes\u00f6k som kostar fr\u00e5n <strong>1500 kr<\/strong> och <em>ing\u00e5r i totalkostnaden om det bokas till v\u00e5r <strong>kirurg.\u00a0<\/strong><\/em><\/p>\n<p>-Vid bes\u00f6ket g\u00f6r l\u00e4karen en bed\u00f6mning om vi kan ta bort din hudf\u00f6r\u00e4ndring och i s\u00e5 fall p\u00e5 vilket s\u00e4tt som \u00e4r l\u00e4mpligast.\u00a0<\/p>\n<p>-Du kommer erh\u00e5lla en exakt prisuppgift vad \u00e5tg\u00e4rden kommer att kosta i ditt fall.\u00a0<\/p>\n<p>-I undantagsfall kan hudprover beh\u00f6va en ut\u00f6kad analys som medf\u00f6r en extra kostnad p\u00e5 upp till 4000 kr. Vid konsultationsbes\u00f6ket kommer du f\u00e5 information om risk f\u00f6r extra kostnad f\u00f6religger.<\/p>\n<p>\t\t\tViktigt information kring s\u00e5rv\u00e5rd<\/p>\n<p>-Du beh\u00f6ver k\u00e4nna till att ingrepp i huden kvarl\u00e4mnar \u00e4rr. \u00c4rren blir oftast sm\u00e5 och \u00e4r till en b\u00f6rjan r\u00f6da, men bleknar av med tiden. Vissa individer kan ha tendens att utveckla upph\u00f6jda \u00e4rr och dessa individer beh\u00f6ver fundera extra noga innan de beslutar sig f\u00f6r ett ingrepp.<\/p>\n<p>-Vid ingrepp skapar vi ett s\u00e5r i huden och det finns alltid risk f\u00f6r infektion. Det \u00e4r viktigt att du f\u00f6ljer s\u00e5rv\u00e5rdsr\u00e5den du erh\u00e5ller vid bes\u00f6ket.<\/p>\n<p>-\u00c4rren blir finare om de inte uts\u00e4tts f\u00f6r solljus f\u00f6rsta \u00e5ret.\u00a0<\/p>\n<h2 style=\"text-align: left;\">-Konsultationsbes\u00f6ket kostar 1500 kr som ing\u00e5r i totalpriset vid ingrepp under f\u00f6ruts\u00e4ttning att bes\u00f6ket bokas till v\u00e5r kirurg. I prislistan ser du totalkostnaden f\u00f6r ingreppet; <em><strong><a href=\"http:\/\/kirurgiskthudcenter.se\/wp-content\/uploads\/2023\/04\/Prislista.pdf\" target=\"_blank\" rel=\"noopener\">Prislista<\/a><\/strong><\/em><\/h2>\n<h2 style=\"text-align: left;\">-L\u00e4karbes\u00f6k hos hudl\u00e4kare kostar fr\u00e5n 1700 kr och ing\u00e5r <strong>inte<\/strong> i totalkostnad vid eventuell \u00e5tg\u00e4rd. Vid tillt\u00e4nkt \u00e5tg\u00e4rd boka ist\u00e4llet bed\u00f6mning hos kirurg. <\/h2>\n<h2 style=\"text-align: left;\">OBSERVERA! Vi lovar inte att vi \u00e5tar oss \u00e5tg\u00e4rd av din hudf\u00f6r\u00e4ndring. Eventuell avbokning m\u00e5ste ske minst 24h innan bes\u00f6ket. Uteblivet eller sent avbokat bes\u00f6k debiteras med 1500kr.<\/h2>\n<p>\t<a href=\"https:\/\/webbtidbok.kuralink.se\/app\/ubpeXK\" target=\"_blank\" role=\"button\" rel=\"noopener\"><br \/>\n\t\t\t\t\t\tBoka Privat bes\u00f6k<br \/>\n\t\t\t\t\t<\/a><\/p>\n<p style=\"text-align: center;\"> [ Information kring offentligt finansierad v\u00e5rd hittar du h\u00f6gre upp p\u00e5 sidan.]\u00a0<\/p>\n<h2><\/h2>\n<span class=\"\" style=\"display:block;clear:both;height: 0px;padding-top: 20px;border-top-width:0px;border-bottom-width:0px;\"><\/span>\n<h2 style=\"text-align: center;\"><strong>3. S\u00f6k v\u00e5rd via ditt f\u00f6rs\u00e4kringsbolag.\u00a0<\/strong><\/h2>\n<p>Vi samarbetar med flertal f\u00f6rs\u00e4kringsbolag. Kontakta just ditt f\u00f6rs\u00e4kringsbolag f\u00f6r att se om de kan boka in ditt bes\u00f6k hos oss. <\/h2>\n<span class=\"\" style=\"display:block;clear:both;height: 0px;padding-top: 20px;border-top-width:0px;border-bottom-width:0px;\"><\/span>\n<span class=\"\" style=\"display:block;clear:both;height: 0px;padding-top: 20px;border-top-width:0px;border-bottom-width:0px;\"><\/span>\n<h2 style=\"text-align: center;\"><strong>Legitimerad l\u00e4kare<\/strong><br \/>\nmed specialistkompetens inom hudsjukdomar<\/h2>\n<h6 style=\"text-align: center;\"><strong>Frida Bj\u00f6rnro<\/strong><\/h6>\n<h2 style=\"text-align: center;\">Legitimerad av socialstyrelsen<br \/>\nInnehar patient- och ansvarsf\u00f6rs\u00e4kring<br \/>\nArbetar kontinuerligt med kvalitetss\u00e4kring<\/h2>\n<p>\t\t\t\t<img decoding=\"async\" src=\"http:\/\/kirurgiskthudcenter.se\/wp-content\/uploads\/2019\/10\/frida.jpg\" alt=\"frida\" itemprop=\"image\"  \/><\/p>\n<span class=\"\" style=\"display:block;clear:both;height: 0px;padding-top: 20px;border-top-width:0px;border-bottom-width:0px;\"><\/span>\n<p>\t\t\t\t<img decoding=\"async\" src=\"http:\/\/kirurgiskthudcenter.se\/wp-content\/uploads\/2019\/02\/IMG_1593-1-e1549482458960.jpg\" alt=\"IMG_1593\" itemprop=\"image\"  \/><\/p>\n<h2 style=\"text-align: center;\"><strong>Legitimerad l\u00e4kare<\/strong><br \/>\nmed specialistkompetens inom hudsjukdomar<\/h2>\n<h6 style=\"text-align: center;\"><strong>Martin Gumulka<\/strong><\/h6>\n<h2 style=\"text-align: center;\">Legitimerad av socialstyrelsen<br \/>\nInnehar patient- och ansvarsf\u00f6rs\u00e4kring<br \/>\nArbetar kontinuerligt med kvalitetss\u00e4kring<\/h2>\n<span class=\"\" style=\"display:block;clear:both;height: 0px;padding-top: 20px;border-top-width:0px;border-bottom-width:0px;\"><\/span>\n<h2 style=\"text-align: center;\"><strong>Legitimerad l\u00e4kare<\/strong><br \/>\nmed specialistkompetens inom allm\u00e4nkirurgi<\/h2>\n<h6 style=\"text-align: center;\"><strong>Anna Blomstedt<\/strong><\/h6>\n<h2 style=\"text-align: center;\">Legitimerad av socialstyrelsen<br \/>\nInnehar patient- och ansvarsf\u00f6rs\u00e4kring<br \/>\nArbetar kontinuerligt med kvalitetss\u00e4kring<\/h2>\n<h2 style=\"text-align: center;\">Dr. Blomstedt arbetar idag enbart med<strong> f\u00f6rs\u00e4kringspatienter<\/strong> och <strong>privata patienter<\/strong>. \u00d6nskar du hj\u00e4lp med ofarliga hudf\u00f6r\u00e4ndringar som inte \u00e5tg\u00e4rdas via Regionen eller har du v\u00e4ntat l\u00e4nge p\u00e5 behandling av dina hemorrojder och \u00f6nskar bekosta ingreppet sj\u00e4lv. V\u00e4lkommen att boka en konsultation ovan.\u00a0<\/h2>\n<p>\t\t\t\t<img decoding=\"async\" src=\"http:\/\/kirurgiskthudcenter.se\/wp-content\/uploads\/2020\/09\/Anna-1-e1601025638836.jpg\" alt=\"Anna 1\" itemprop=\"image\"  \/><\/p>\n<span class=\"\" style=\"display:block;clear:both;height: 0px;padding-top: 20px;border-top-width:0px;border-bottom-width:0px;\"><\/span>\n<h2 style=\"text-align: center;\"><strong>Kontakta oss<\/strong><\/h2>\n<p style=\"text-align: center;\">F\u00f6r patient\u00e4renden kontakta oss via <a href=\"https:\/\/www.1177.se\/Vastmanland\/hitta-vard\/kontaktkort\/Kirurgiskt-Hudcenter\/\">1177 V\u00e5rdguiden<\/a> alternativt<br \/>\n021 &#8211; 80 10 40<br \/>\ntisdag, onsdag och torsdag 7.30 &#8211; 8.30<\/p>\n<p style=\"text-align: center;\">Via mail hanterar vi inga personuppgifter.<br \/>\n<strong>kontakt@hudcenter.se<\/strong><\/p>\n<p>\t<a href=\"https:\/\/www.facebook.com\/\" target=\"_blank\" role=\"button\" rel=\"noopener\"><br \/>\n\t\t\t\t\t\ttill Facebook<br \/>\n\t\t\t\t\t<\/a><br \/>\n\t<a href=\"https:\/\/www.instagram.com\/\" target=\"_blank\" role=\"button\" rel=\"noopener\"><br \/>\n\t\t\t\t\t\ttill Instagram<br \/>\n\t\t\t\t\t<\/a><br \/>\n\t<a href=\"https:\/\/www.1177.se\/Vastmanland\/hitta-vard\/kontaktkort\/Kirurgiskt-Hudcenter\" target=\"_blank\" role=\"button\" rel=\"noopener\"><br \/>\n\t\t\t\t\t\tKontakta oss via 1177.se<br \/>\n\t\t\t\t\t<\/a><\/p>\n<h2 style=\"text-align: center;\">F\u00f6r patientrelaterade fr\u00e5gor v\u00e4nligen kontakta oss via 1177.se<\/h2>\n<p style=\"text-align: center;\">F\u00f6r EJ patientrelaterade fr\u00e5gor kan nedanst\u00e5ende formul\u00e4r anv\u00e4ndas:<\/p>\n<p>\t<iframe loading=\"lazy\" src=\"https:\/\/maps.google.com\/maps?q=v%C3%A4ster%C3%A5s&#038;iwloc=near&#038;output=embed\" width=\"100%\" height=\"200px\" frameborder=\"0\" style=\"border:0\"><\/iframe><\/p>\n","protected":false},"excerpt":{"rendered":"<p>Din hudl\u00e4kare i V\u00e4ster\u00e5s. Hos oss kan du bli patient p\u00e5 f\u00f6ljande s\u00e4tt: 1. via den offentliga sjukv\u00e5rden 2. som privatbetalande patient 3.via ditt f\u00f6rs\u00e4kringsbolag\u00a0 OBS! IDAG \u00c4R V\u00c5R TELEFONTID AVST\u00c4NGD P\u00e5 grund av sjukdom hos personal har mottagningen sin telefonv\u00e4xel avst\u00e4ngd idag. \u00d6nskar du om eller avboka en tid g\u00e5r det bra att spela&#8230;<\/p>\n","protected":false},"author":1,"featured_media":0,"parent":0,"menu_order":0,"comment_status":"closed","ping_status":"closed","template":"full-width-page.php","meta":{"footnotes":""},"_links":{"self":[{"href":"https:\/\/kirurgiskthudcenter.se\/index.php?rest_route=\/wp\/v2\/pages\/48"}],"collection":[{"href":"https:\/\/kirurgiskthudcenter.se\/index.php?rest_route=\/wp\/v2\/pages"}],"about":[{"href":"https:\/\/kirurgiskthudcenter.se\/index.php?rest_route=\/wp\/v2\/types\/page"}],"author":[{"embeddable":true,"href":"https:\/\/kirurgiskthudcenter.se\/index.php?rest_route=\/wp\/v2\/users\/1"}],"replies":[{"embeddable":true,"href":"https:\/\/kirurgiskthudcenter.se\/index.php?rest_route=%2Fwp%2Fv2%2Fcomments&post=48"}],"version-history":[{"count":303,"href":"https:\/\/kirurgiskthudcenter.se\/index.php?rest_route=\/wp\/v2\/pages\/48\/revisions"}],"predecessor-version":[{"id":2549,"href":"https:\/\/kirurgiskthudcenter.se\/index.php?rest_route=\/wp\/v2\/pages\/48\/revisions\/2549"}],"wp:attachment":[{"href":"https:\/\/kirurgiskthudcenter.se\/index.php?rest_route=%2Fwp%2Fv2%2Fmedia&parent=48"}],"curies":[{"name":"wp","href":"https:\/\/api.w.org\/{rel}","templated":true}]}}